{"id":3491,"date":"2024-08-23T00:15:08","date_gmt":"2024-08-22T22:15:08","guid":{"rendered":"https:\/\/despertar.de\/?page_id=3491"},"modified":"2025-10-29T15:50:38","modified_gmt":"2025-10-29T14:50:38","slug":"coro","status":"publish","type":"page","link":"https:\/\/despertar.de\/de\/actividades\/coro\/","title":{"rendered":"Actividades &#8211; Coro en espa\u00f1ol"},"content":{"rendered":"<div data-elementor-type=\"wp-page\" data-elementor-id=\"3491\" class=\"elementor elementor-3491\">\n\t\t\t\t\t\t<section class=\"elementor-section elementor-top-section elementor-element elementor-element-268dcf9 elementor-section-boxed elementor-section-height-default elementor-section-height-default\" data-id=\"268dcf9\" data-element_type=\"section\">\n\t\t\t\t\t\t<div class=\"elementor-container elementor-column-gap-default\">\n\t\t\t\t\t<div class=\"elementor-column elementor-col-100 elementor-top-column elementor-element elementor-element-3334d30\" data-id=\"3334d30\" data-element_type=\"column\">\n\t\t\t<div class=\"elementor-widget-wrap elementor-element-populated\">\n\t\t\t\t\t\t<div class=\"elementor-element elementor-element-b177b11 elementor-widget__width-initial elementor-widget elementor-widget-heading\" data-id=\"b177b11\" data-element_type=\"widget\" data-widget_type=\"heading.default\">\n\t\t\t\t<div class=\"elementor-widget-container\">\n\t\t\t\t\t<span class=\"elementor-heading-title elementor-size-default\">Unsere Aktivit\u00e4ten<\/span>\t\t\t\t<\/div>\n\t\t\t\t<\/div>\n\t\t\t\t<div class=\"elementor-element elementor-element-ac9848a elementor-widget elementor-widget-text-editor\" data-id=\"ac9848a\" data-element_type=\"widget\" data-widget_type=\"text-editor.default\">\n\t\t\t\t<div class=\"elementor-widget-container\">\n\t\t\t\t\t\t\t\t\t<p>Coro Despertar &#8220;EnCanto&#8221;<\/p>\t\t\t\t\t\t\t\t<\/div>\n\t\t\t\t<\/div>\n\t\t\t\t\t<\/div>\n\t\t<\/div>\n\t\t\t\t\t<\/div>\n\t\t<\/section>\n\t\t\t\t<section class=\"elementor-section elementor-top-section elementor-element elementor-element-349f4c2 elementor-section-boxed elementor-section-height-default elementor-section-height-default\" data-id=\"349f4c2\" data-element_type=\"section\">\n\t\t\t\t\t\t<div class=\"elementor-container elementor-column-gap-default\">\n\t\t\t\t\t<div class=\"elementor-column elementor-col-50 elementor-top-column elementor-element elementor-element-b0a768d\" data-id=\"b0a768d\" data-element_type=\"column\">\n\t\t\t<div class=\"elementor-widget-wrap elementor-element-populated\">\n\t\t\t\t\t\t<div class=\"elementor-element elementor-element-6aa9b7d elementor-widget__width-initial elementor-widget elementor-widget-image\" data-id=\"6aa9b7d\" data-element_type=\"widget\" data-widget_type=\"image.default\">\n\t\t\t\t<div class=\"elementor-widget-container\">\n\t\t\t\t\t\t\t\t\t\t\t\t<figure class=\"wp-caption\">\n\t\t\t\t\t\t\t\t\t\t<img fetchpriority=\"high\" decoding=\"async\" width=\"640\" height=\"400\" src=\"https:\/\/despertar.de\/wp-content\/uploads\/2025\/10\/360c287e-7b2d-4fca-b73c-9cf627ce8387-640x400.jpg\" class=\"attachment-onepress-medium size-onepress-medium wp-image-3949\" alt=\"\" srcset=\"https:\/\/despertar.de\/wp-content\/uploads\/2025\/10\/360c287e-7b2d-4fca-b73c-9cf627ce8387-640x400.jpg 640w, https:\/\/despertar.de\/wp-content\/uploads\/2025\/10\/360c287e-7b2d-4fca-b73c-9cf627ce8387-480x300.jpg 480w\" sizes=\"(max-width: 640px) 100vw, 640px\" \/>\t\t\t\t\t\t\t\t\t\t\t<figcaption class=\"widget-image-caption wp-caption-text\">Presentaci\u00f3n \" Teatro Chambinzky\".  Cr\u00e9ditos \u00a9 Bernadette Barthold, 2025<\/figcaption>\n\t\t\t\t\t\t\t\t\t\t<\/figure>\n\t\t\t\t\t\t\t\t\t<\/div>\n\t\t\t\t<\/div>\n\t\t\t\t<div class=\"elementor-element elementor-element-c29e7a3 elementor-widget elementor-widget-spacer\" data-id=\"c29e7a3\" data-element_type=\"widget\" data-widget_type=\"spacer.default\">\n\t\t\t\t<div class=\"elementor-widget-container\">\n\t\t\t\t\t\t\t<div class=\"elementor-spacer\">\n\t\t\t<div class=\"elementor-spacer-inner\"><\/div>\n\t\t<\/div>\n\t\t\t\t\t\t<\/div>\n\t\t\t\t<\/div>\n\t\t\t\t\t<\/div>\n\t\t<\/div>\n\t\t\t\t<div class=\"elementor-column elementor-col-50 elementor-top-column elementor-element elementor-element-a5a910f\" data-id=\"a5a910f\" data-element_type=\"column\">\n\t\t\t<div class=\"elementor-widget-wrap elementor-element-populated\">\n\t\t\t\t\t\t<div class=\"elementor-element elementor-element-96aad24 elementor-widget__width-initial elementor-widget elementor-widget-text-editor\" data-id=\"96aad24\" data-element_type=\"widget\" data-widget_type=\"text-editor.default\">\n\t\t\t\t<div class=\"elementor-widget-container\">\n\t\t\t\t\t\t\t\t\t<p><span style=\"font-size: 14px;\">Hace un a\u00f1o naci\u00f3 nuestro coro y, desde entonces, hemos compartido muchas alegr\u00edas y nuevas experiencias. Adem\u00e1s, hemos ofrecido un par de conciertos con gran \u00e9xito y lo m\u00e1s importante todo: hemos creado una comunidad musical donde se respira buen ambiente, amistad y ganas de disfrutar de nuestras ra\u00edces y de la m\u00fasica que nos une.<\/span><\/p><p>\u00a0<\/p><p><span style=\"font-size: 14px;\">En nuestros ensayos no solo trabajamos la t\u00e9cnica vocal, la afinaci\u00f3n y el empaste de las voces. Tambi\u00e9n hacemos din\u00e1micas que nos ayudan a conectar y a disfrutar: ejercicios de ritmo, coordinaci\u00f3n, percusi\u00f3n corporal y muchas actividades que hacen que cantar en coro sea una experiencia completa y divertida.<\/span><\/p><p><span style=\"font-size: 14px;\"><br \/>Lo mejor es que no hace falta tener experiencia previa; basta con traer ilusi\u00f3n, ganas de aprender y de pasarlo bien en grupo.\u00a0 Aunque los ensayos son en espa\u00f1ol, somos un coro diverso, con integrantes de distintos pa\u00edses, tambi\u00e9n alemanes con un nivel b\u00e1sico de espa\u00f1ol, y entre todos nos apoyamos para que cada persona se sienta c\u00f3moda.<\/span><\/p><p><span style=\"font-size: 14px;\"><br \/><\/span><span style=\"font-size: 14px;\">Las inscripciones siguen abiertas y nos encantar\u00eda que vinieras a probar. Es el mejor ambiente para empezar a cantar en un coro. \u00a1Te esperamos!:\u00a0<\/span><\/p><div>\u00a0<\/div><p>Si quieres formar parte de este valioso grupo, escr\u00edbenos a\u00a0<a style=\"font-size: 0.875rem; background-color: #ffffff; font-family: var( --e-global-typography-primary-font-family ), Sans-serif; font-weight: var( --e-global-typography-primary-font-weight );\" href=\"mailto:escuelita@despertar.de\">info@despertar.de<\/a><span style=\"font-size: 0.875rem;\">\u00a0<\/span><\/p><ul><li><strong><span style=\"font-size: 0.875rem; color: #ad2626;\">Aporte <\/span><\/strong><strong><span style=\"font-size: 0.875rem; color: #ad2626;\">de participaci\u00f3n: <\/span><\/strong><span style=\"font-size: 0.875rem; color: #ad2626;\">15 \u20ac (quince euros) x mes<\/span><\/li><\/ul><p><strong>Coordina:<\/strong> Johana Garz\u00f3n<br \/><strong>Profesora: <\/strong>Paula Mendiz\u00e1bal<\/p><hr \/><p><span style=\"font-size: 14px;\"><strong>\u00a0<\/strong><\/span><\/p><p><span style=\"font-size: 14px;\"><strong>Lugar de encuentro<\/strong>:\u00a0<\/span><em>Raum 17, B\u00fcrgerbr\u00e4u Gel\u00e4nde, Frankfurter Str. 87, 97082.<\/em><span style=\"font-size: 14px;\"><br \/><\/span><span style=\"font-size: 14px;\"><strong>Horario<\/strong>: Todos los\u00a0<i>Jueves, a las 19:00 h<\/i><\/span><\/p>\t\t\t\t\t\t\t\t<\/div>\n\t\t\t\t<\/div>\n\t\t\t\t\t<\/div>\n\t\t<\/div>\n\t\t\t\t\t<\/div>\n\t\t<\/section>\n\t\t\t\t<section class=\"elementor-section elementor-top-section elementor-element elementor-element-3826ee0f elementor-section-content-middle elementor-section-boxed elementor-section-height-default elementor-section-height-default\" data-id=\"3826ee0f\" data-element_type=\"section\">\n\t\t\t\t\t\t<div class=\"elementor-container elementor-column-gap-no\">\n\t\t\t\t\t<div class=\"elementor-column elementor-col-100 elementor-top-column elementor-element elementor-element-ef74e35\" data-id=\"ef74e35\" data-element_type=\"column\">\n\t\t\t<div class=\"elementor-widget-wrap\">\n\t\t\t\t\t\t\t<\/div>\n\t\t<\/div>\n\t\t\t\t\t<\/div>\n\t\t<\/section>\n\t\t\t\t<section class=\"elementor-section elementor-top-section elementor-element elementor-element-99d30ee elementor-section-content-middle elementor-reverse-mobile elementor-section-boxed elementor-section-height-default elementor-section-height-default\" data-id=\"99d30ee\" data-element_type=\"section\" data-settings=\"{&quot;background_background&quot;:&quot;classic&quot;,&quot;shape_divider_top&quot;:&quot;mountains&quot;}\">\n\t\t\t\t\t<div class=\"elementor-shape elementor-shape-top\" aria-hidden=\"true\" data-negative=\"false\">\n\t\t\t<svg xmlns=\"http:\/\/www.w3.org\/2000\/svg\" viewbox=\"0 0 1000 100\" preserveaspectratio=\"none\">\n\t<path class=\"elementor-shape-fill\" opacity=\"0.33\" d=\"M473,67.3c-203.9,88.3-263.1-34-320.3,0C66,119.1,0,59.7,0,59.7V0h1000v59.7 c0,0-62.1,26.1-94.9,29.3c-32.8,3.3-62.8-12.3-75.8-22.1C806,49.6,745.3,8.7,694.9,4.7S492.4,59,473,67.3z\"\/>\n\t<path class=\"elementor-shape-fill\" opacity=\"0.66\" d=\"M734,67.3c-45.5,0-77.2-23.2-129.1-39.1c-28.6-8.7-150.3-10.1-254,39.1 s-91.7-34.4-149.2,0C115.7,118.3,0,39.8,0,39.8V0h1000v36.5c0,0-28.2-18.5-92.1-18.5C810.2,18.1,775.7,67.3,734,67.3z\"\/>\n\t<path class=\"elementor-shape-fill\" d=\"M766.1,28.9c-200-57.5-266,65.5-395.1,19.5C242,1.8,242,5.4,184.8,20.6C128,35.8,132.3,44.9,89.9,52.5C28.6,63.7,0,0,0,0 h1000c0,0-9.9,40.9-83.6,48.1S829.6,47,766.1,28.9z\"\/>\n<\/svg>\t\t<\/div>\n\t\t\t\t\t<div class=\"elementor-container elementor-column-gap-no\">\n\t\t\t\t\t<div class=\"elementor-column elementor-col-100 elementor-top-column elementor-element elementor-element-134de76\" data-id=\"134de76\" data-element_type=\"column\" data-settings=\"{&quot;background_background&quot;:&quot;gradient&quot;}\">\n\t\t\t<div class=\"elementor-widget-wrap elementor-element-populated\">\n\t\t\t\t\t\t<section class=\"elementor-section elementor-inner-section elementor-element elementor-element-bdfb2a6 elementor-section-boxed elementor-section-height-default elementor-section-height-default\" data-id=\"bdfb2a6\" data-element_type=\"section\">\n\t\t\t\t\t\t<div class=\"elementor-container elementor-column-gap-default\">\n\t\t\t\t\t<div class=\"elementor-column elementor-col-33 elementor-inner-column elementor-element elementor-element-495db5c\" data-id=\"495db5c\" data-element_type=\"column\">\n\t\t\t<div class=\"elementor-widget-wrap elementor-element-populated\">\n\t\t\t\t\t\t<div class=\"elementor-element elementor-element-d5f6024 elementor-widget elementor-widget-heading\" data-id=\"d5f6024\" data-element_type=\"widget\" data-widget_type=\"heading.default\">\n\t\t\t\t<div class=\"elementor-widget-container\">\n\t\t\t\t\t<div class=\"elementor-heading-title elementor-size-default\">KONTAKT<\/div>\t\t\t\t<\/div>\n\t\t\t\t<\/div>\n\t\t\t\t<div class=\"elementor-element elementor-element-fe2ecac elementor-widget elementor-widget-text-editor\" data-id=\"fe2ecac\" data-element_type=\"widget\" data-widget_type=\"text-editor.default\">\n\t\t\t\t<div class=\"elementor-widget-container\">\n\t\t\t\t\t\t\t\t\t<p><em><span style=\"color: #000000;\">Despertar e.V.<br \/><\/span><\/em><span style=\"color: #000000;\">Postfach 110214<br \/>97029 W\u00fcrzburg<\/span><\/p><p><a href=\"mailto:info@despertar.de\" target=\"_blank\" rel=\"noopener\"><span style=\"color: #000000;\">info@despertar.de<\/span><\/a><\/p>\t\t\t\t\t\t\t\t<\/div>\n\t\t\t\t<\/div>\n\t\t\t\t\t<\/div>\n\t\t<\/div>\n\t\t\t\t<div class=\"elementor-column elementor-col-33 elementor-inner-column elementor-element elementor-element-e14bc59\" data-id=\"e14bc59\" data-element_type=\"column\">\n\t\t\t<div class=\"elementor-widget-wrap elementor-element-populated\">\n\t\t\t\t\t\t<div class=\"elementor-element elementor-element-805b653 elementor-widget elementor-widget-heading\" data-id=\"805b653\" data-element_type=\"widget\" data-widget_type=\"heading.default\">\n\t\t\t\t<div class=\"elementor-widget-container\">\n\t\t\t\t\t<div class=\"elementor-heading-title elementor-size-default\">SPENDEN<\/div>\t\t\t\t<\/div>\n\t\t\t\t<\/div>\n\t\t\t\t<div class=\"elementor-element elementor-element-c104414 elementor-widget elementor-widget-text-editor\" data-id=\"c104414\" data-element_type=\"widget\" data-widget_type=\"text-editor.default\">\n\t\t\t\t<div class=\"elementor-widget-container\">\n\t\t\t\t\t\t\t\t\t<div><span style=\"color: #000000;\">Sparkasse Mainfranken<\/span><\/div><div><span style=\"color: #000000;\">Despertar e.V.<\/span><\/div><div><strong><span style=\"color: #000000;\">DE3979050 00000 44629236<\/span><\/strong><\/div><div><span style=\"color: #000000;\">BIC BYLADEM1SWU<\/span><\/div>\t\t\t\t\t\t\t\t<\/div>\n\t\t\t\t<\/div>\n\t\t\t\t\t<\/div>\n\t\t<\/div>\n\t\t\t\t<div class=\"elementor-column elementor-col-33 elementor-inner-column elementor-element elementor-element-4480400\" data-id=\"4480400\" data-element_type=\"column\">\n\t\t\t<div class=\"elementor-widget-wrap elementor-element-populated\">\n\t\t\t\t\t\t<div class=\"elementor-element elementor-element-8f28b81 elementor-widget elementor-widget-heading\" data-id=\"8f28b81\" data-element_type=\"widget\" data-widget_type=\"heading.default\">\n\t\t\t\t<div class=\"elementor-widget-container\">\n\t\t\t\t\t<div class=\"elementor-heading-title elementor-size-default\">INFORMACION<\/div>\t\t\t\t<\/div>\n\t\t\t\t<\/div>\n\t\t\t\t<div class=\"elementor-element elementor-element-21cb8fd e-grid-align-left elementor-shape-rounded elementor-grid-0 elementor-widget elementor-widget-social-icons\" data-id=\"21cb8fd\" data-element_type=\"widget\" data-widget_type=\"social-icons.default\">\n\t\t\t\t<div class=\"elementor-widget-container\">\n\t\t\t\t\t\t\t<div class=\"elementor-social-icons-wrapper elementor-grid\" role=\"list\">\n\t\t\t\t\t\t\t<span class=\"elementor-grid-item\" role=\"listitem\">\n\t\t\t\t\t<a class=\"elementor-icon elementor-social-icon elementor-social-icon-facebook elementor-repeater-item-76e66f6\" href=\"https:\/\/www.facebook.com\/Despertar.gesellschaft\" target=\"_blank\">\n\t\t\t\t\t\t<span class=\"elementor-screen-only\">Facebook<\/span>\n\t\t\t\t\t\t<i class=\"fab fa-facebook\"><\/i>\t\t\t\t\t<\/a>\n\t\t\t\t<\/span>\n\t\t\t\t\t\t\t<span class=\"elementor-grid-item\" role=\"listitem\">\n\t\t\t\t\t<a class=\"elementor-icon elementor-social-icon elementor-social-icon-instagram elementor-repeater-item-adb9e6c\" href=\"http:\/\/www.instagram.com\/despertar_de\" target=\"_blank\">\n\t\t\t\t\t\t<span class=\"elementor-screen-only\">Instagram<\/span>\n\t\t\t\t\t\t<i class=\"fab fa-instagram\"><\/i>\t\t\t\t\t<\/a>\n\t\t\t\t<\/span>\n\t\t\t\t\t<\/div>\n\t\t\t\t\t\t<\/div>\n\t\t\t\t<\/div>\n\t\t\t\t<div class=\"elementor-element elementor-element-dc1956e elementor-widget elementor-widget-text-editor\" data-id=\"dc1956e\" data-element_type=\"widget\" data-widget_type=\"text-editor.default\">\n\t\t\t\t<div class=\"elementor-widget-container\">\n\t\t\t\t\t\t\t\t\t<p><a href=\"https:\/\/despertar.de\/de\/impressum\/\">Impressum<\/a>\u00a0|\u00a0<a href=\"https:\/\/despertar.de\/de\/datenschutz\/\">Datenschutz<\/a><\/p>\t\t\t\t\t\t\t\t<\/div>\n\t\t\t\t<\/div>\n\t\t\t\t\t<\/div>\n\t\t<\/div>\n\t\t\t\t\t<\/div>\n\t\t<\/section>\n\t\t\t\t\t<\/div>\n\t\t<\/div>\n\t\t\t\t\t<\/div>\n\t\t<\/section>\n\t\t\t\t<\/div>","protected":false},"excerpt":{"rendered":"<p>Nuestras Actividades Coro Despertar &#8220;EnCanto&#8221; Presentaci\u00f3n &#8221; Teatro Chambinzky&#8221;. Cr\u00e9ditos \u00a9 Bernadette Barthold, 2025 Hace un a\u00f1o naci\u00f3 nuestro coro y, desde entonces, hemos compartido muchas alegr\u00edas y nuevas experiencias. &#8230;<\/p>","protected":false},"author":2,"featured_media":0,"parent":13,"menu_order":1,"comment_status":"open","ping_status":"closed","template":"","meta":{"footnotes":""},"_links":{"self":[{"href":"https:\/\/despertar.de\/de\/wp-json\/wp\/v2\/pages\/3491"}],"collection":[{"href":"https:\/\/despertar.de\/de\/wp-json\/wp\/v2\/pages"}],"about":[{"href":"https:\/\/despertar.de\/de\/wp-json\/wp\/v2\/types\/page"}],"author":[{"embeddable":true,"href":"https:\/\/despertar.de\/de\/wp-json\/wp\/v2\/users\/2"}],"replies":[{"embeddable":true,"href":"https:\/\/despertar.de\/de\/wp-json\/wp\/v2\/comments?post=3491"}],"version-history":[{"count":10,"href":"https:\/\/despertar.de\/de\/wp-json\/wp\/v2\/pages\/3491\/revisions"}],"predecessor-version":[{"id":3966,"href":"https:\/\/despertar.de\/de\/wp-json\/wp\/v2\/pages\/3491\/revisions\/3966"}],"up":[{"embeddable":true,"href":"https:\/\/despertar.de\/de\/wp-json\/wp\/v2\/pages\/13"}],"wp:attachment":[{"href":"https:\/\/despertar.de\/de\/wp-json\/wp\/v2\/media?parent=3491"}],"curies":[{"name":"wp","href":"https:\/\/api.w.org\/{rel}","templated":true}]}}