{"id":3464,"date":"2024-08-22T23:48:42","date_gmt":"2024-08-22T21:48:42","guid":{"rendered":"https:\/\/despertar.de\/?page_id=3464"},"modified":"2026-02-04T11:06:44","modified_gmt":"2026-02-04T10:06:44","slug":"valer","status":"publish","type":"page","link":"https:\/\/despertar.de\/de\/actividades\/valer\/","title":{"rendered":"Actividades &#8211; Grupo Valer"},"content":{"rendered":"<div data-elementor-type=\"wp-page\" data-elementor-id=\"3464\" class=\"elementor elementor-3464\">\n\t\t\t\t\t\t<section class=\"elementor-section elementor-top-section elementor-element elementor-element-268dcf9 elementor-section-boxed elementor-section-height-default elementor-section-height-default\" data-id=\"268dcf9\" data-element_type=\"section\">\n\t\t\t\t\t\t<div class=\"elementor-container elementor-column-gap-default\">\n\t\t\t\t\t<div class=\"elementor-column elementor-col-100 elementor-top-column elementor-element elementor-element-3334d30\" data-id=\"3334d30\" data-element_type=\"column\">\n\t\t\t<div class=\"elementor-widget-wrap elementor-element-populated\">\n\t\t\t\t\t\t<div class=\"elementor-element elementor-element-b177b11 elementor-widget__width-initial elementor-widget elementor-widget-heading\" data-id=\"b177b11\" data-element_type=\"widget\" data-widget_type=\"heading.default\">\n\t\t\t\t<div class=\"elementor-widget-container\">\n\t\t\t\t\t<span class=\"elementor-heading-title elementor-size-default\">Unsere Aktivit\u00e4ten<\/span>\t\t\t\t<\/div>\n\t\t\t\t<\/div>\n\t\t\t\t<div class=\"elementor-element elementor-element-be6ab84 elementor-widget elementor-widget-text-editor\" data-id=\"be6ab84\" data-element_type=\"widget\" data-widget_type=\"text-editor.default\">\n\t\t\t\t<div class=\"elementor-widget-container\">\n\t\t\t\t\t\t\t\t\t<p>Grupo VALER!<\/p>\t\t\t\t\t\t\t\t<\/div>\n\t\t\t\t<\/div>\n\t\t\t\t\t<\/div>\n\t\t<\/div>\n\t\t\t\t\t<\/div>\n\t\t<\/section>\n\t\t\t\t<section class=\"elementor-section elementor-top-section elementor-element elementor-element-349f4c2 elementor-section-boxed elementor-section-height-default elementor-section-height-default\" data-id=\"349f4c2\" data-element_type=\"section\">\n\t\t\t\t\t\t<div class=\"elementor-container elementor-column-gap-default\">\n\t\t\t\t\t<div class=\"elementor-column elementor-col-50 elementor-top-column elementor-element elementor-element-decc3ea\" data-id=\"decc3ea\" data-element_type=\"column\">\n\t\t\t<div class=\"elementor-widget-wrap elementor-element-populated\">\n\t\t\t\t\t\t<div class=\"elementor-element elementor-element-6adfa72 elementor-widget__width-initial elementor-widget elementor-widget-image\" data-id=\"6adfa72\" data-element_type=\"widget\" data-widget_type=\"image.default\">\n\t\t\t\t<div class=\"elementor-widget-container\">\n\t\t\t\t\t\t\t\t\t\t\t\t\t\t\t<img fetchpriority=\"high\" decoding=\"async\" width=\"542\" height=\"400\" src=\"https:\/\/despertar.de\/wp-content\/uploads\/2024\/03\/web-header-despertar-grupo-valer-e1719955941951-542x400.jpg\" class=\"attachment-onepress-medium size-onepress-medium wp-image-2984\" alt=\"\" \/>\t\t\t\t\t\t\t\t\t\t\t\t\t\t\t<\/div>\n\t\t\t\t<\/div>\n\t\t\t\t\t<\/div>\n\t\t<\/div>\n\t\t\t\t<div class=\"elementor-column elementor-col-50 elementor-top-column elementor-element elementor-element-a5a910f\" data-id=\"a5a910f\" data-element_type=\"column\">\n\t\t\t<div class=\"elementor-widget-wrap elementor-element-populated\">\n\t\t\t\t\t\t<div class=\"elementor-element elementor-element-96aad24 elementor-widget__width-initial elementor-widget elementor-widget-text-editor\" data-id=\"96aad24\" data-element_type=\"widget\" data-widget_type=\"text-editor.default\">\n\t\t\t\t<div class=\"elementor-widget-container\">\n\t\t\t\t\t\t\t\t\t<p><span style=\"font-size: 14px;\">Valorarse y Ayudarse \u2013 Latinas y Espa\u00f1olas Residentes en Alemania.<\/span><\/p>\n<p><span style=\"font-size: 14px;\">Grupo de encuentro para el intercambio de experiencias entre mujeres hispanohablantes residentes en W\u00fcrzburg y alrededores.<\/span><\/p>\n<p>\u00a1Porque las mujeres movemos monta\u00f1as! En nuestra historia de vida y como inmigrantes en este pa\u00eds hemos pasado por muchas experiencias que podemos compartir y as\u00ed tomar conciencia de nuestros logros y al mismo tiempo dar valor y ayudar a otras mujeres. En \u00a1VALER! queremos darnos un espacio donde mujeres hispanohablantes encuentren:<\/p>\n<ul>\n<li><span style=\"font-size: 14px;\">Contenci\u00f3n en su situaci\u00f3n de vida y puedan darse valor y ayudarse mutuamente a trav\u00e9s del intercambio de experiencias.<\/span><\/li>\n<li><span style=\"font-size: 14px;\">Informaci\u00f3n y orientaci\u00f3n a trav\u00e9s de charlas especiales con referentes invitados.<\/span><\/li>\n<li><span style=\"font-size: 14px;\">Lugar para la recreaci\u00f3n.<\/span><\/li>\n<\/ul>\n<p><span style=\"font-size: 14px;\">&nbsp;Si quieres formar parte de este valioso grupo, escr\u00edbenos a&nbsp;<\/span><a style=\"font-size: 0.875rem; background-color: #ffffff; font-family: var( --e-global-typography-primary-font-family ), Sans-serif; font-weight: var( --e-global-typography-primary-font-weight );\" href=\"mailto:escuelita@despertar.de\">info@despertar.de<\/a><span style=\"font-size: 0.875rem;\">&nbsp;<\/span><\/p>\n<p><strong>Coordinan:<\/strong> &nbsp;<span style=\"font-size: 0.875rem;\">Silvia Obernauer y Eva Viru\u00e9 (soci\u00f3loga).<\/span><\/p>\n<hr>\n<p><span style=\"font-size: 14px;\"><strong>&nbsp;<\/strong><\/span><\/p>\n<p><span style=\"font-size: 14px;\"><strong>Lugar de encuentro<\/strong>: <em>Villa Kunterbunt Reiserstra\u00dfe 5-7, 97080 W\u00fcrzburg.<\/em><\/span><\/p>\n<p><span style=\"font-size: 14px;\"><strong>Horario<\/strong>:<br><\/span><span style=\"color: #ba1a1a;\">El \u00faltimo encuentro de 2026:<\/span> 10 de enero desde las 14:30h hasta las 17:30h.<\/p>\n<p><span style=\"color: #ba1a1a;\">Pr\u00f3ximos encuentros en 2026:<\/span><br>14.03.26 \/ 09.05.26 \/ 11.07.26 \/ 19.09.26 \/ 14.11.26<\/p>\n<p><span style=\"color: rgb(186, 26, 26); font-size: 0.875rem;\">&#8220;Es importante mencionar: Por razones de espacio y organizaci\u00f3n, no podemos recibir por el momento nuevas integrantes a nuestros encuentros&#8221;.<\/span><\/p>\n<p><\/p>\t\t\t\t\t\t\t\t<\/div>\n\t\t\t\t<\/div>\n\t\t\t\t\t<\/div>\n\t\t<\/div>\n\t\t\t\t\t<\/div>\n\t\t<\/section>\n\t\t\t\t<section class=\"elementor-section elementor-top-section elementor-element elementor-element-3826ee0f elementor-section-content-middle elementor-section-boxed elementor-section-height-default elementor-section-height-default\" data-id=\"3826ee0f\" data-element_type=\"section\">\n\t\t\t\t\t\t<div class=\"elementor-container elementor-column-gap-no\">\n\t\t\t\t\t<div class=\"elementor-column elementor-col-100 elementor-top-column elementor-element elementor-element-fa44194\" data-id=\"fa44194\" data-element_type=\"column\">\n\t\t\t<div class=\"elementor-widget-wrap\">\n\t\t\t\t\t\t\t<\/div>\n\t\t<\/div>\n\t\t\t\t\t<\/div>\n\t\t<\/section>\n\t\t\t\t<section class=\"elementor-section elementor-top-section elementor-element elementor-element-99d30ee elementor-section-content-middle elementor-reverse-mobile elementor-section-boxed elementor-section-height-default elementor-section-height-default\" data-id=\"99d30ee\" data-element_type=\"section\" data-settings=\"{&quot;background_background&quot;:&quot;classic&quot;,&quot;shape_divider_top&quot;:&quot;mountains&quot;}\">\n\t\t\t\t\t<div class=\"elementor-shape elementor-shape-top\" aria-hidden=\"true\" data-negative=\"false\">\n\t\t\t<svg xmlns=\"http:\/\/www.w3.org\/2000\/svg\" viewbox=\"0 0 1000 100\" preserveaspectratio=\"none\">\n\t<path class=\"elementor-shape-fill\" opacity=\"0.33\" d=\"M473,67.3c-203.9,88.3-263.1-34-320.3,0C66,119.1,0,59.7,0,59.7V0h1000v59.7 c0,0-62.1,26.1-94.9,29.3c-32.8,3.3-62.8-12.3-75.8-22.1C806,49.6,745.3,8.7,694.9,4.7S492.4,59,473,67.3z\"\/>\n\t<path class=\"elementor-shape-fill\" opacity=\"0.66\" d=\"M734,67.3c-45.5,0-77.2-23.2-129.1-39.1c-28.6-8.7-150.3-10.1-254,39.1 s-91.7-34.4-149.2,0C115.7,118.3,0,39.8,0,39.8V0h1000v36.5c0,0-28.2-18.5-92.1-18.5C810.2,18.1,775.7,67.3,734,67.3z\"\/>\n\t<path class=\"elementor-shape-fill\" d=\"M766.1,28.9c-200-57.5-266,65.5-395.1,19.5C242,1.8,242,5.4,184.8,20.6C128,35.8,132.3,44.9,89.9,52.5C28.6,63.7,0,0,0,0 h1000c0,0-9.9,40.9-83.6,48.1S829.6,47,766.1,28.9z\"\/>\n<\/svg>\t\t<\/div>\n\t\t\t\t\t<div class=\"elementor-container elementor-column-gap-no\">\n\t\t\t\t\t<div class=\"elementor-column elementor-col-100 elementor-top-column elementor-element elementor-element-134de76\" data-id=\"134de76\" data-element_type=\"column\" data-settings=\"{&quot;background_background&quot;:&quot;gradient&quot;}\">\n\t\t\t<div class=\"elementor-widget-wrap elementor-element-populated\">\n\t\t\t\t\t\t<section class=\"elementor-section elementor-inner-section elementor-element elementor-element-bdfb2a6 elementor-section-boxed elementor-section-height-default elementor-section-height-default\" data-id=\"bdfb2a6\" data-element_type=\"section\">\n\t\t\t\t\t\t<div class=\"elementor-container elementor-column-gap-default\">\n\t\t\t\t\t<div class=\"elementor-column elementor-col-33 elementor-inner-column elementor-element elementor-element-495db5c\" data-id=\"495db5c\" data-element_type=\"column\">\n\t\t\t<div class=\"elementor-widget-wrap elementor-element-populated\">\n\t\t\t\t\t\t<div class=\"elementor-element elementor-element-d5f6024 elementor-widget elementor-widget-heading\" data-id=\"d5f6024\" data-element_type=\"widget\" data-widget_type=\"heading.default\">\n\t\t\t\t<div class=\"elementor-widget-container\">\n\t\t\t\t\t<div class=\"elementor-heading-title elementor-size-default\">CONTACTO<\/div>\t\t\t\t<\/div>\n\t\t\t\t<\/div>\n\t\t\t\t<div class=\"elementor-element elementor-element-fe2ecac elementor-widget elementor-widget-text-editor\" data-id=\"fe2ecac\" data-element_type=\"widget\" data-widget_type=\"text-editor.default\">\n\t\t\t\t<div class=\"elementor-widget-container\">\n\t\t\t\t\t\t\t\t\t<p><em><span style=\"color: #000000;\">Despertar e.V.<br \/><\/span><\/em><span style=\"color: #000000;\">Postfach 110214<br \/>97029 W\u00fcrzburg<\/span><\/p><p><a href=\"mailto:info@despertar.de\" target=\"_blank\" rel=\"noopener\"><span style=\"color: #000000;\">info@despertar.de<\/span><\/a><\/p>\t\t\t\t\t\t\t\t<\/div>\n\t\t\t\t<\/div>\n\t\t\t\t\t<\/div>\n\t\t<\/div>\n\t\t\t\t<div class=\"elementor-column elementor-col-33 elementor-inner-column elementor-element elementor-element-e14bc59\" data-id=\"e14bc59\" data-element_type=\"column\">\n\t\t\t<div class=\"elementor-widget-wrap elementor-element-populated\">\n\t\t\t\t\t\t<div class=\"elementor-element elementor-element-805b653 elementor-widget elementor-widget-heading\" data-id=\"805b653\" data-element_type=\"widget\" data-widget_type=\"heading.default\">\n\t\t\t\t<div class=\"elementor-widget-container\">\n\t\t\t\t\t<div class=\"elementor-heading-title elementor-size-default\">DONACIONES<\/div>\t\t\t\t<\/div>\n\t\t\t\t<\/div>\n\t\t\t\t<div class=\"elementor-element elementor-element-c104414 elementor-widget elementor-widget-text-editor\" data-id=\"c104414\" data-element_type=\"widget\" data-widget_type=\"text-editor.default\">\n\t\t\t\t<div class=\"elementor-widget-container\">\n\t\t\t\t\t\t\t\t\t<div><span style=\"color: #000000;\">Sparkasse Mainfranken<\/span><\/div><div><span style=\"color: #000000;\">Despertar e.V.<\/span><\/div><div><strong><span style=\"color: #000000;\">DE3979050 00000 44629236<\/span><\/strong><\/div><div><span style=\"color: #000000;\">BIC BYLADEM1SWU<\/span><\/div>\t\t\t\t\t\t\t\t<\/div>\n\t\t\t\t<\/div>\n\t\t\t\t\t<\/div>\n\t\t<\/div>\n\t\t\t\t<div class=\"elementor-column elementor-col-33 elementor-inner-column elementor-element elementor-element-4480400\" data-id=\"4480400\" data-element_type=\"column\">\n\t\t\t<div class=\"elementor-widget-wrap elementor-element-populated\">\n\t\t\t\t\t\t<div class=\"elementor-element elementor-element-8f28b81 elementor-widget elementor-widget-heading\" data-id=\"8f28b81\" data-element_type=\"widget\" data-widget_type=\"heading.default\">\n\t\t\t\t<div class=\"elementor-widget-container\">\n\t\t\t\t\t<div class=\"elementor-heading-title elementor-size-default\">INFORMACION<\/div>\t\t\t\t<\/div>\n\t\t\t\t<\/div>\n\t\t\t\t<div class=\"elementor-element elementor-element-21cb8fd e-grid-align-left elementor-shape-rounded elementor-grid-0 elementor-widget elementor-widget-social-icons\" data-id=\"21cb8fd\" data-element_type=\"widget\" data-widget_type=\"social-icons.default\">\n\t\t\t\t<div class=\"elementor-widget-container\">\n\t\t\t\t\t\t\t<div class=\"elementor-social-icons-wrapper elementor-grid\" role=\"list\">\n\t\t\t\t\t\t\t<span class=\"elementor-grid-item\" role=\"listitem\">\n\t\t\t\t\t<a class=\"elementor-icon elementor-social-icon elementor-social-icon-facebook elementor-repeater-item-76e66f6\" href=\"https:\/\/www.facebook.com\/Despertar.gesellschaft\" target=\"_blank\">\n\t\t\t\t\t\t<span class=\"elementor-screen-only\">Facebook<\/span>\n\t\t\t\t\t\t<i class=\"fab fa-facebook\"><\/i>\t\t\t\t\t<\/a>\n\t\t\t\t<\/span>\n\t\t\t\t\t\t\t<span class=\"elementor-grid-item\" role=\"listitem\">\n\t\t\t\t\t<a class=\"elementor-icon elementor-social-icon elementor-social-icon-instagram elementor-repeater-item-adb9e6c\" href=\"http:\/\/www.instagram.com\/despertar_de\" target=\"_blank\">\n\t\t\t\t\t\t<span class=\"elementor-screen-only\">Instagram<\/span>\n\t\t\t\t\t\t<i class=\"fab fa-instagram\"><\/i>\t\t\t\t\t<\/a>\n\t\t\t\t<\/span>\n\t\t\t\t\t<\/div>\n\t\t\t\t\t\t<\/div>\n\t\t\t\t<\/div>\n\t\t\t\t<div class=\"elementor-element elementor-element-dc1956e elementor-widget elementor-widget-text-editor\" data-id=\"dc1956e\" data-element_type=\"widget\" data-widget_type=\"text-editor.default\">\n\t\t\t\t<div class=\"elementor-widget-container\">\n\t\t\t\t\t\t\t\t\t<p><a href=\"https:\/\/despertar.de\/de\/impressum\/\">Impressum<\/a>\u00a0|\u00a0<a href=\"https:\/\/despertar.de\/de\/datenschutz\/\">Datenschutz<\/a><\/p>\t\t\t\t\t\t\t\t<\/div>\n\t\t\t\t<\/div>\n\t\t\t\t\t<\/div>\n\t\t<\/div>\n\t\t\t\t\t<\/div>\n\t\t<\/section>\n\t\t\t\t\t<\/div>\n\t\t<\/div>\n\t\t\t\t\t<\/div>\n\t\t<\/section>\n\t\t\t\t<\/div>","protected":false},"excerpt":{"rendered":"<p>Nuestras Actividades Grupo VALER! Valorarse y Ayudarse \u2013 Latinas y Espa\u00f1olas Residentes en Alemania. Grupo de encuentro para el intercambio de experiencias entre mujeres hispanohablantes residentes en W\u00fcrzburg y alrededores. &#8230;<\/p>","protected":false},"author":2,"featured_media":0,"parent":13,"menu_order":0,"comment_status":"open","ping_status":"closed","template":"","meta":{"footnotes":""},"_links":{"self":[{"href":"https:\/\/despertar.de\/de\/wp-json\/wp\/v2\/pages\/3464"}],"collection":[{"href":"https:\/\/despertar.de\/de\/wp-json\/wp\/v2\/pages"}],"about":[{"href":"https:\/\/despertar.de\/de\/wp-json\/wp\/v2\/types\/page"}],"author":[{"embeddable":true,"href":"https:\/\/despertar.de\/de\/wp-json\/wp\/v2\/users\/2"}],"replies":[{"embeddable":true,"href":"https:\/\/despertar.de\/de\/wp-json\/wp\/v2\/comments?post=3464"}],"version-history":[{"count":10,"href":"https:\/\/despertar.de\/de\/wp-json\/wp\/v2\/pages\/3464\/revisions"}],"predecessor-version":[{"id":4039,"href":"https:\/\/despertar.de\/de\/wp-json\/wp\/v2\/pages\/3464\/revisions\/4039"}],"up":[{"embeddable":true,"href":"https:\/\/despertar.de\/de\/wp-json\/wp\/v2\/pages\/13"}],"wp:attachment":[{"href":"https:\/\/despertar.de\/de\/wp-json\/wp\/v2\/media?parent=3464"}],"curies":[{"name":"wp","href":"https:\/\/api.w.org\/{rel}","templated":true}]}}