{"id":3301,"date":"2024-07-03T16:54:02","date_gmt":"2024-07-03T14:54:02","guid":{"rendered":"https:\/\/despertar.de\/?page_id=3301"},"modified":"2026-02-04T10:49:05","modified_gmt":"2026-02-04T09:49:05","slug":"actividades-2","status":"publish","type":"page","link":"https:\/\/despertar.de\/de\/actividades\/actividades-2\/","title":{"rendered":"Actividades &#8211; Escuelita"},"content":{"rendered":"<div data-elementor-type=\"wp-page\" data-elementor-id=\"3301\" class=\"elementor elementor-3301\">\n\t\t\t\t\t\t<section class=\"elementor-section elementor-top-section elementor-element elementor-element-268dcf9 elementor-section-boxed elementor-section-height-default elementor-section-height-default\" data-id=\"268dcf9\" data-element_type=\"section\">\n\t\t\t\t\t\t<div class=\"elementor-container elementor-column-gap-default\">\n\t\t\t\t\t<div class=\"elementor-column elementor-col-100 elementor-top-column elementor-element elementor-element-3334d30\" data-id=\"3334d30\" data-element_type=\"column\">\n\t\t\t<div class=\"elementor-widget-wrap elementor-element-populated\">\n\t\t\t\t\t\t<div class=\"elementor-element elementor-element-b177b11 elementor-widget__width-initial elementor-widget elementor-widget-heading\" data-id=\"b177b11\" data-element_type=\"widget\" data-widget_type=\"heading.default\">\n\t\t\t\t<div class=\"elementor-widget-container\">\n\t\t\t\t\t<span class=\"elementor-heading-title elementor-size-default\">Unsere Aktivit\u00e4ten<\/span>\t\t\t\t<\/div>\n\t\t\t\t<\/div>\n\t\t\t\t<div class=\"elementor-element elementor-element-2209abb elementor-widget elementor-widget-text-editor\" data-id=\"2209abb\" data-element_type=\"widget\" data-widget_type=\"text-editor.default\">\n\t\t\t\t<div class=\"elementor-widget-container\">\n\t\t\t\t\t\t\t\t\t<p>La Escuelita<\/p>\t\t\t\t\t\t\t\t<\/div>\n\t\t\t\t<\/div>\n\t\t\t\t\t<\/div>\n\t\t<\/div>\n\t\t\t\t\t<\/div>\n\t\t<\/section>\n\t\t\t\t<section class=\"elementor-section elementor-top-section elementor-element elementor-element-349f4c2 elementor-section-boxed elementor-section-height-default elementor-section-height-default\" data-id=\"349f4c2\" data-element_type=\"section\">\n\t\t\t\t\t\t<div class=\"elementor-container elementor-column-gap-default\">\n\t\t\t\t\t<div class=\"elementor-column elementor-col-50 elementor-top-column elementor-element elementor-element-decc3ea\" data-id=\"decc3ea\" data-element_type=\"column\">\n\t\t\t<div class=\"elementor-widget-wrap elementor-element-populated\">\n\t\t\t\t\t\t<div class=\"elementor-element elementor-element-6adfa72 elementor-widget__width-initial elementor-widget elementor-widget-image\" data-id=\"6adfa72\" data-element_type=\"widget\" data-widget_type=\"image.default\">\n\t\t\t\t<div class=\"elementor-widget-container\">\n\t\t\t\t\t\t\t\t\t\t\t\t\t\t\t<img fetchpriority=\"high\" decoding=\"async\" width=\"640\" height=\"400\" src=\"https:\/\/despertar.de\/wp-content\/uploads\/2024\/07\/ninos-carita-pintada-e1719955336290-640x400.webp\" class=\"attachment-onepress-medium size-onepress-medium wp-image-3212\" alt=\"\" srcset=\"https:\/\/despertar.de\/wp-content\/uploads\/2024\/07\/ninos-carita-pintada-e1719955336290-640x400.webp 640w, https:\/\/despertar.de\/wp-content\/uploads\/2024\/07\/ninos-carita-pintada-e1719955336290-480x300.webp 480w\" sizes=\"(max-width: 640px) 100vw, 640px\" \/>\t\t\t\t\t\t\t\t\t\t\t\t\t\t\t<\/div>\n\t\t\t\t<\/div>\n\t\t\t\t<div class=\"elementor-element elementor-element-2132bf7 elementor-widget elementor-widget-spacer\" data-id=\"2132bf7\" data-element_type=\"widget\" data-widget_type=\"spacer.default\">\n\t\t\t\t<div class=\"elementor-widget-container\">\n\t\t\t\t\t\t\t<div class=\"elementor-spacer\">\n\t\t\t<div class=\"elementor-spacer-inner\"><\/div>\n\t\t<\/div>\n\t\t\t\t\t\t<\/div>\n\t\t\t\t<\/div>\n\t\t\t\t\t<\/div>\n\t\t<\/div>\n\t\t\t\t<div class=\"elementor-column elementor-col-50 elementor-top-column elementor-element elementor-element-a5a910f\" data-id=\"a5a910f\" data-element_type=\"column\">\n\t\t\t<div class=\"elementor-widget-wrap elementor-element-populated\">\n\t\t\t\t\t\t<div class=\"elementor-element elementor-element-96aad24 elementor-widget__width-initial elementor-widget elementor-widget-text-editor\" data-id=\"96aad24\" data-element_type=\"widget\" data-widget_type=\"text-editor.default\">\n\t\t\t\t<div class=\"elementor-widget-container\">\n\t\t\t\t\t\t\t\t\t<p><span style=\"font-size: 14px;\">Ven a la Escuelita!<\/span><\/p>\n<p><span style=\"font-size: 14px;\">Iniciamos inicio de a\u00f1o escolar el s\u00e1bado 05.10.2024.<\/span><\/p>\n<p>El objetivo de &#8220;La Escuelita&#8221; es el de acompa\u00f1ar en el aprendizaje de la lengua en espa\u00f1ol <span style=\"font-size: 0.875rem;\">a ni\u00f1os que ya tiene el contacto con la misma. Tambi\u00e9n el de motivar a los chicos, acerc\u00e1ndolos a la cultura del mundo hispanohablante&nbsp;<\/span>a trav\u00e9s de diversas actividades.&nbsp;<\/p>\n<p>Actualmente ofrecemos 5 grupos:<\/p>\n<ul>\n<li>Dos grupos preescolares (Nido, Las Nubes).<\/li>\n<li>Cuatro grupos ya escolarizados (Las Estrellitas, Lunas crecientes, Lunas llenas, y Soles )<\/li>\n<\/ul>\n<p>Recalcamos que algunos grupos cuentan con listas de espera.&nbsp;&nbsp;Si est\u00e1s interesado que tus hijos formen parte, o tienes algunas dudas escr\u00edbenos&nbsp;al correo de la Escuelita,&nbsp;<a style=\"background-color: #ffffff; font-family: var( --e-global-typography-primary-font-family ), Sans-serif; font-weight: var( --e-global-typography-primary-font-weight );\" href=\"mailto:escuelita@despertar.de\">escuelita@despertar.de<\/a>&nbsp;<\/p>\n<p><strong>Coordinan:<\/strong>&nbsp; Valentina Marin, Anah\u00ed Thiessen, Susanne Scheidemantel<span style=\"font-size: 0.875rem;\">.<\/span><\/p>\n<p><\/p>\n<hr>\n<p><strong><br>Lugar de encuentro<\/strong>: <em>M\u00f6nchbergschule. Richard-Wagner-Stra\u00dfe 62, 97074 W\u00fcrzburg.<br><\/em><strong style=\"font-size: 0.875rem;\">Horario<\/strong><span style=\"font-size: 0.875rem;\">: T<\/span><em style=\"font-size: 0.875rem;\">odos los s\u00e1bados de 10h a 11:30h (excepto vacaciones escolares)<\/em><\/p>\n<p><span style=\"font-size: 14px;\">\u00a1Nos alegramos de estar en contacto nuevamente!<\/span><\/p>\n<div><br><\/div>\t\t\t\t\t\t\t\t<\/div>\n\t\t\t\t<\/div>\n\t\t\t\t\t<\/div>\n\t\t<\/div>\n\t\t\t\t\t<\/div>\n\t\t<\/section>\n\t\t\t\t<section class=\"elementor-section elementor-top-section elementor-element elementor-element-3826ee0f elementor-section-content-middle elementor-section-boxed elementor-section-height-default elementor-section-height-default\" data-id=\"3826ee0f\" data-element_type=\"section\">\n\t\t\t\t\t\t<div class=\"elementor-container elementor-column-gap-no\">\n\t\t\t\t\t<div class=\"elementor-column elementor-col-100 elementor-top-column elementor-element elementor-element-fa44194\" data-id=\"fa44194\" data-element_type=\"column\">\n\t\t\t<div class=\"elementor-widget-wrap\">\n\t\t\t\t\t\t\t<\/div>\n\t\t<\/div>\n\t\t\t\t\t<\/div>\n\t\t<\/section>\n\t\t\t\t<section class=\"elementor-section elementor-top-section elementor-element elementor-element-99d30ee elementor-section-content-middle elementor-reverse-mobile elementor-section-boxed elementor-section-height-default elementor-section-height-default\" data-id=\"99d30ee\" data-element_type=\"section\" data-settings=\"{&quot;background_background&quot;:&quot;classic&quot;,&quot;shape_divider_top&quot;:&quot;mountains&quot;}\">\n\t\t\t\t\t<div class=\"elementor-shape elementor-shape-top\" aria-hidden=\"true\" data-negative=\"false\">\n\t\t\t<svg xmlns=\"http:\/\/www.w3.org\/2000\/svg\" viewbox=\"0 0 1000 100\" preserveaspectratio=\"none\">\n\t<path class=\"elementor-shape-fill\" opacity=\"0.33\" d=\"M473,67.3c-203.9,88.3-263.1-34-320.3,0C66,119.1,0,59.7,0,59.7V0h1000v59.7 c0,0-62.1,26.1-94.9,29.3c-32.8,3.3-62.8-12.3-75.8-22.1C806,49.6,745.3,8.7,694.9,4.7S492.4,59,473,67.3z\"\/>\n\t<path class=\"elementor-shape-fill\" opacity=\"0.66\" d=\"M734,67.3c-45.5,0-77.2-23.2-129.1-39.1c-28.6-8.7-150.3-10.1-254,39.1 s-91.7-34.4-149.2,0C115.7,118.3,0,39.8,0,39.8V0h1000v36.5c0,0-28.2-18.5-92.1-18.5C810.2,18.1,775.7,67.3,734,67.3z\"\/>\n\t<path class=\"elementor-shape-fill\" d=\"M766.1,28.9c-200-57.5-266,65.5-395.1,19.5C242,1.8,242,5.4,184.8,20.6C128,35.8,132.3,44.9,89.9,52.5C28.6,63.7,0,0,0,0 h1000c0,0-9.9,40.9-83.6,48.1S829.6,47,766.1,28.9z\"\/>\n<\/svg>\t\t<\/div>\n\t\t\t\t\t<div class=\"elementor-container elementor-column-gap-no\">\n\t\t\t\t\t<div class=\"elementor-column elementor-col-100 elementor-top-column elementor-element elementor-element-134de76\" data-id=\"134de76\" data-element_type=\"column\" data-settings=\"{&quot;background_background&quot;:&quot;gradient&quot;}\">\n\t\t\t<div class=\"elementor-widget-wrap elementor-element-populated\">\n\t\t\t\t\t\t<section class=\"elementor-section elementor-inner-section elementor-element elementor-element-bdfb2a6 elementor-section-boxed elementor-section-height-default elementor-section-height-default\" data-id=\"bdfb2a6\" data-element_type=\"section\">\n\t\t\t\t\t\t<div class=\"elementor-container elementor-column-gap-default\">\n\t\t\t\t\t<div class=\"elementor-column elementor-col-33 elementor-inner-column elementor-element elementor-element-495db5c\" data-id=\"495db5c\" data-element_type=\"column\">\n\t\t\t<div class=\"elementor-widget-wrap elementor-element-populated\">\n\t\t\t\t\t\t<div class=\"elementor-element elementor-element-d5f6024 elementor-widget elementor-widget-heading\" data-id=\"d5f6024\" data-element_type=\"widget\" data-widget_type=\"heading.default\">\n\t\t\t\t<div class=\"elementor-widget-container\">\n\t\t\t\t\t<div class=\"elementor-heading-title elementor-size-default\">CONTACTO<\/div>\t\t\t\t<\/div>\n\t\t\t\t<\/div>\n\t\t\t\t<div class=\"elementor-element elementor-element-fe2ecac elementor-widget elementor-widget-text-editor\" data-id=\"fe2ecac\" data-element_type=\"widget\" data-widget_type=\"text-editor.default\">\n\t\t\t\t<div class=\"elementor-widget-container\">\n\t\t\t\t\t\t\t\t\t<p><em><span style=\"color: #000000;\">Despertar e.V.<br \/><\/span><\/em><span style=\"color: #000000;\">Postfach 110214<br \/>97029 W\u00fcrzburg<\/span><\/p><p><a href=\"mailto:info@despertar.de\" target=\"_blank\" rel=\"noopener\"><span style=\"color: #000000;\">info@despertar.de<\/span><\/a><\/p>\t\t\t\t\t\t\t\t<\/div>\n\t\t\t\t<\/div>\n\t\t\t\t\t<\/div>\n\t\t<\/div>\n\t\t\t\t<div class=\"elementor-column elementor-col-33 elementor-inner-column elementor-element elementor-element-e14bc59\" data-id=\"e14bc59\" data-element_type=\"column\">\n\t\t\t<div class=\"elementor-widget-wrap elementor-element-populated\">\n\t\t\t\t\t\t<div class=\"elementor-element elementor-element-805b653 elementor-widget elementor-widget-heading\" data-id=\"805b653\" data-element_type=\"widget\" data-widget_type=\"heading.default\">\n\t\t\t\t<div class=\"elementor-widget-container\">\n\t\t\t\t\t<div class=\"elementor-heading-title elementor-size-default\">DONACIONES<\/div>\t\t\t\t<\/div>\n\t\t\t\t<\/div>\n\t\t\t\t<div class=\"elementor-element elementor-element-c104414 elementor-widget elementor-widget-text-editor\" data-id=\"c104414\" data-element_type=\"widget\" data-widget_type=\"text-editor.default\">\n\t\t\t\t<div class=\"elementor-widget-container\">\n\t\t\t\t\t\t\t\t\t<div><span style=\"color: #000000;\">Sparkasse Mainfranken<\/span><\/div><div><span style=\"color: #000000;\">Despertar e.V.<\/span><\/div><div><strong><span style=\"color: #000000;\">DE3979050 00000 44629236<\/span><\/strong><\/div><div><span style=\"color: #000000;\">BIC BYLADEM1SWU<\/span><\/div>\t\t\t\t\t\t\t\t<\/div>\n\t\t\t\t<\/div>\n\t\t\t\t\t<\/div>\n\t\t<\/div>\n\t\t\t\t<div class=\"elementor-column elementor-col-33 elementor-inner-column elementor-element elementor-element-4480400\" data-id=\"4480400\" data-element_type=\"column\">\n\t\t\t<div class=\"elementor-widget-wrap elementor-element-populated\">\n\t\t\t\t\t\t<div class=\"elementor-element elementor-element-8f28b81 elementor-widget elementor-widget-heading\" data-id=\"8f28b81\" data-element_type=\"widget\" data-widget_type=\"heading.default\">\n\t\t\t\t<div class=\"elementor-widget-container\">\n\t\t\t\t\t<div class=\"elementor-heading-title elementor-size-default\">INFORMACION<\/div>\t\t\t\t<\/div>\n\t\t\t\t<\/div>\n\t\t\t\t<div class=\"elementor-element elementor-element-21cb8fd e-grid-align-left elementor-shape-rounded elementor-grid-0 elementor-widget elementor-widget-social-icons\" data-id=\"21cb8fd\" data-element_type=\"widget\" data-widget_type=\"social-icons.default\">\n\t\t\t\t<div class=\"elementor-widget-container\">\n\t\t\t\t\t\t\t<div class=\"elementor-social-icons-wrapper elementor-grid\" role=\"list\">\n\t\t\t\t\t\t\t<span class=\"elementor-grid-item\" role=\"listitem\">\n\t\t\t\t\t<a class=\"elementor-icon elementor-social-icon elementor-social-icon-facebook elementor-repeater-item-76e66f6\" href=\"https:\/\/www.facebook.com\/Despertar.gesellschaft\" target=\"_blank\">\n\t\t\t\t\t\t<span class=\"elementor-screen-only\">Facebook<\/span>\n\t\t\t\t\t\t<i class=\"fab fa-facebook\"><\/i>\t\t\t\t\t<\/a>\n\t\t\t\t<\/span>\n\t\t\t\t\t\t\t<span class=\"elementor-grid-item\" role=\"listitem\">\n\t\t\t\t\t<a class=\"elementor-icon elementor-social-icon elementor-social-icon-instagram elementor-repeater-item-adb9e6c\" href=\"http:\/\/www.instagram.com\/despertar_de\" target=\"_blank\">\n\t\t\t\t\t\t<span class=\"elementor-screen-only\">Instagram<\/span>\n\t\t\t\t\t\t<i class=\"fab fa-instagram\"><\/i>\t\t\t\t\t<\/a>\n\t\t\t\t<\/span>\n\t\t\t\t\t<\/div>\n\t\t\t\t\t\t<\/div>\n\t\t\t\t<\/div>\n\t\t\t\t<div class=\"elementor-element elementor-element-dc1956e elementor-widget elementor-widget-text-editor\" data-id=\"dc1956e\" data-element_type=\"widget\" data-widget_type=\"text-editor.default\">\n\t\t\t\t<div class=\"elementor-widget-container\">\n\t\t\t\t\t\t\t\t\t<p><a href=\"https:\/\/despertar.de\/de\/impressum\/\">Impressum<\/a>\u00a0|\u00a0<a href=\"https:\/\/despertar.de\/de\/datenschutz\/\">Datenschutz<\/a><\/p>\t\t\t\t\t\t\t\t<\/div>\n\t\t\t\t<\/div>\n\t\t\t\t\t<\/div>\n\t\t<\/div>\n\t\t\t\t\t<\/div>\n\t\t<\/section>\n\t\t\t\t\t<\/div>\n\t\t<\/div>\n\t\t\t\t\t<\/div>\n\t\t<\/section>\n\t\t\t\t<section class=\"elementor-section elementor-top-section elementor-element elementor-element-874ce96 elementor-section-boxed elementor-section-height-default elementor-section-height-default\" data-id=\"874ce96\" data-element_type=\"section\">\n\t\t\t\t\t\t<div class=\"elementor-container elementor-column-gap-default\">\n\t\t\t\t\t<div class=\"elementor-column elementor-col-100 elementor-top-column elementor-element elementor-element-f2ab123\" data-id=\"f2ab123\" data-element_type=\"column\">\n\t\t\t<div class=\"elementor-widget-wrap\">\n\t\t\t\t\t\t\t<\/div>\n\t\t<\/div>\n\t\t\t\t\t<\/div>\n\t\t<\/section>\n\t\t\t\t<section class=\"elementor-section elementor-top-section elementor-element elementor-element-5802c67 elementor-section-boxed elementor-section-height-default elementor-section-height-default\" data-id=\"5802c67\" data-element_type=\"section\">\n\t\t\t\t\t\t<div class=\"elementor-container elementor-column-gap-default\">\n\t\t\t\t\t<div class=\"elementor-column elementor-col-100 elementor-top-column elementor-element elementor-element-83f2a2f\" data-id=\"83f2a2f\" data-element_type=\"column\">\n\t\t\t<div class=\"elementor-widget-wrap\">\n\t\t\t\t\t\t\t<\/div>\n\t\t<\/div>\n\t\t\t\t\t<\/div>\n\t\t<\/section>\n\t\t\t\t<\/div>","protected":false},"excerpt":{"rendered":"<p>Nuestras Actividades La Escuelita Ven a la Escuelita! Iniciamos inicio de a\u00f1o escolar el s\u00e1bado 05.10.2024. El objetivo de &#8220;La Escuelita&#8221; es el de acompa\u00f1ar en el aprendizaje de la &#8230;<\/p>","protected":false},"author":1,"featured_media":0,"parent":13,"menu_order":0,"comment_status":"open","ping_status":"closed","template":"","meta":{"footnotes":""},"_links":{"self":[{"href":"https:\/\/despertar.de\/de\/wp-json\/wp\/v2\/pages\/3301"}],"collection":[{"href":"https:\/\/despertar.de\/de\/wp-json\/wp\/v2\/pages"}],"about":[{"href":"https:\/\/despertar.de\/de\/wp-json\/wp\/v2\/types\/page"}],"author":[{"embeddable":true,"href":"https:\/\/despertar.de\/de\/wp-json\/wp\/v2\/users\/1"}],"replies":[{"embeddable":true,"href":"https:\/\/despertar.de\/de\/wp-json\/wp\/v2\/comments?post=3301"}],"version-history":[{"count":10,"href":"https:\/\/despertar.de\/de\/wp-json\/wp\/v2\/pages\/3301\/revisions"}],"predecessor-version":[{"id":4035,"href":"https:\/\/despertar.de\/de\/wp-json\/wp\/v2\/pages\/3301\/revisions\/4035"}],"up":[{"embeddable":true,"href":"https:\/\/despertar.de\/de\/wp-json\/wp\/v2\/pages\/13"}],"wp:attachment":[{"href":"https:\/\/despertar.de\/de\/wp-json\/wp\/v2\/media?parent=3301"}],"curies":[{"name":"wp","href":"https:\/\/api.w.org\/{rel}","templated":true}]}}